{"id":8044,"date":"2019-07-01T11:08:45","date_gmt":"2019-07-01T11:08:45","guid":{"rendered":"https:\/\/212.62.35.130\/kammsite\/?post_type=product&#038;p=8044"},"modified":"2020-07-09T09:18:44","modified_gmt":"2020-07-09T09:18:44","slug":"blanko-papir-sa-preklopom-10-ris","status":"publish","type":"product","link":"https:\/\/kamm.rs\/?product=blanko-papir-sa-preklopom-10-ris","title":{"rendered":"Blanko papir sa preklopom 1+0, ris"},"content":{"rendered":"<table class=\" table table-hover table table-hover table table-hover table table-hover table table-hover\">\n<tbody>\n<tr>\n<td><strong>Proizvo\u0111a\u010d<\/strong><\/td>\n<td>Optimum<\/td>\n<\/tr>\n<tr>\n<td><strong>Vrsta tabulira<\/td>\n<td>Blanko<\/td>\n<\/tr>\n<tr>\n<td><strong>Broj preklopa<\/strong><\/td>\n<td>250<\/td>\n<\/tr>\n<tr>\n<td><strong>Broj kopija<\/strong><\/td>\n<td>1+0<\/td>\n<\/tr>\n<tr>\n<td><strong>Dimenzije<\/strong><\/td>\n<td>240\u00d712\u2033<\/td>\n<\/tr>\n<\/tbody>\n<\/table>\n","protected":false},"excerpt":{"rendered":"<p>Proizvo\u0111a\u010d Optimum Vrsta tabulira Blanko Broj preklopa 250 Broj kopija 1+0 Dimenzije 240\u00d712\u2033<\/p>\n","protected":false},"featured_media":8045,"template":"","meta":[],"_links":{"self":[{"href":"https:\/\/kamm.rs\/index.php?rest_route=\/wp\/v2\/product\/8044"}],"collection":[{"href":"https:\/\/kamm.rs\/index.php?rest_route=\/wp\/v2\/product"}],"about":[{"href":"https:\/\/kamm.rs\/index.php?rest_route=\/wp\/v2\/types\/product"}],"wp:featuredmedia":[{"embeddable":true,"href":"https:\/\/kamm.rs\/index.php?rest_route=\/wp\/v2\/media\/8045"}],"wp:attachment":[{"href":"https:\/\/kamm.rs\/index.php?rest_route=%2Fwp%2Fv2%2Fmedia&parent=8044"}],"curies":[{"name":"wp","href":"https:\/\/api.w.org\/{rel}","templated":true}]}}