{"id":8258,"date":"2019-07-04T12:15:33","date_gmt":"2019-07-04T12:15:33","guid":{"rendered":"https:\/\/212.62.35.130\/kammsite\/?post_type=product&#038;p=8258"},"modified":"2020-07-10T08:18:23","modified_gmt":"2020-07-10T08:18:23","slug":"led-sijalica-e14-55w-dimabilna","status":"publish","type":"product","link":"https:\/\/kamm.rs\/?product=led-sijalica-e14-55w-dimabilna","title":{"rendered":"LED sijalica E14 5,5W dimabilna"},"content":{"rendered":"<table class=\" table table-hover table table-hover table table-hover table table-hover table table-hover\">\n<tbody>\n<tr>\n<td><strong>Proizvo\u0111a\u010d<\/stong><\/td>\n<td>XLED<\/td>\n<\/tr>\n<tr>\n<td><strong>Snaga<\/strong><\/td>\n<td>5,5W<\/td>\n<\/tr>\n<tr>\n<td><strong>Ja\u010dina svetlosti<\/strong><\/td>\n<td>3000K<\/td>\n<\/tr>\n<\/tbody>\n<\/table>\n","protected":false},"excerpt":{"rendered":"<p>Proizvo\u0111a\u010d XLED Snaga 5,5W Ja\u010dina svetlosti 3000K<\/p>\n","protected":false},"featured_media":8259,"template":"","meta":[],"_links":{"self":[{"href":"https:\/\/kamm.rs\/index.php?rest_route=\/wp\/v2\/product\/8258"}],"collection":[{"href":"https:\/\/kamm.rs\/index.php?rest_route=\/wp\/v2\/product"}],"about":[{"href":"https:\/\/kamm.rs\/index.php?rest_route=\/wp\/v2\/types\/product"}],"wp:featuredmedia":[{"embeddable":true,"href":"https:\/\/kamm.rs\/index.php?rest_route=\/wp\/v2\/media\/8259"}],"wp:attachment":[{"href":"https:\/\/kamm.rs\/index.php?rest_route=%2Fwp%2Fv2%2Fmedia&parent=8258"}],"curies":[{"name":"wp","href":"https:\/\/api.w.org\/{rel}","templated":true}]}}