{"id":8277,"date":"2019-07-08T08:43:22","date_gmt":"2019-07-08T08:43:22","guid":{"rendered":"https:\/\/212.62.35.130\/kammsite\/?post_type=product&#038;p=8277"},"modified":"2020-07-10T08:13:37","modified_gmt":"2020-07-10T08:13:37","slug":"led-panel-24w-lpnoa5","status":"publish","type":"product","link":"https:\/\/kamm.rs\/?product=led-panel-24w-lpnoa5","title":{"rendered":"LED panel 24W LPNOA5"},"content":{"rendered":"<table class=\" table table-hover table table-hover table table-hover table table-hover table table-hover\">\n<tbody>\n<tr>\n<td><strong>Proizvo\u0111a\u010d<\/strong><\/td>\n<td>Spectra<\/td>\n<\/tr>\n<tr>\n<td><strong>Snaga<\/strong><\/td>\n<td>24W<\/td>\n<\/tr>\n<tr>\n<td><strong>Ja\u010dina svetlosti<\/strong><\/td>\n<td>4200K<\/td>\n<\/tr>\n<tr>\n<td><strong>Dimenzija<\/strong><\/td>\n<td>170\u00d735<\/td>\n<\/tr>\n<\/tbody>\n<\/table>\n","protected":false},"excerpt":{"rendered":"<p>Proizvo\u0111a\u010d Spectra Snaga 24W Ja\u010dina svetlosti 4200K Dimenzija 170\u00d735<\/p>\n","protected":false},"featured_media":8278,"template":"","meta":[],"_links":{"self":[{"href":"https:\/\/kamm.rs\/index.php?rest_route=\/wp\/v2\/product\/8277"}],"collection":[{"href":"https:\/\/kamm.rs\/index.php?rest_route=\/wp\/v2\/product"}],"about":[{"href":"https:\/\/kamm.rs\/index.php?rest_route=\/wp\/v2\/types\/product"}],"wp:featuredmedia":[{"embeddable":true,"href":"https:\/\/kamm.rs\/index.php?rest_route=\/wp\/v2\/media\/8278"}],"wp:attachment":[{"href":"https:\/\/kamm.rs\/index.php?rest_route=%2Fwp%2Fv2%2Fmedia&parent=8277"}],"curies":[{"name":"wp","href":"https:\/\/api.w.org\/{rel}","templated":true}]}}