{"id":8279,"date":"2019-07-08T09:44:03","date_gmt":"2019-07-08T09:44:03","guid":{"rendered":"https:\/\/212.62.35.130\/kammsite\/?post_type=product&#038;p=8279"},"modified":"2020-07-10T09:13:20","modified_gmt":"2020-07-10T09:13:20","slug":"led-sijalica-e27-10w-2","status":"publish","type":"product","link":"https:\/\/kamm.rs\/?product=led-sijalica-e27-10w-2","title":{"rendered":"LED sijalica E27 10W"},"content":{"rendered":"<table class=\" table table-hover table table-hover table table-hover table table-hover table table-hover\">\n<tbody>\n<tr>\n<td><strong>Proizvo\u0111a\u010d<\/strong><\/td>\n<td>XLED<\/td>\n<\/tr>\n<tr>\n<td><strong>Snaga<\/strong><\/td>\n<td>10W<\/td>\n<\/tr>\n<tr>\n<td><strong>Ja\u010dina svetlosti<\/strong><\/td>\n<td>5500K<\/td>\n<\/tr>\n<\/tbody>\n<\/table>\n","protected":false},"excerpt":{"rendered":"<p>Proizvo\u0111a\u010d XLED Snaga 10W Ja\u010dina svetlosti 5500K<\/p>\n","protected":false},"featured_media":8282,"template":"","meta":[],"_links":{"self":[{"href":"https:\/\/kamm.rs\/index.php?rest_route=\/wp\/v2\/product\/8279"}],"collection":[{"href":"https:\/\/kamm.rs\/index.php?rest_route=\/wp\/v2\/product"}],"about":[{"href":"https:\/\/kamm.rs\/index.php?rest_route=\/wp\/v2\/types\/product"}],"wp:featuredmedia":[{"embeddable":true,"href":"https:\/\/kamm.rs\/index.php?rest_route=\/wp\/v2\/media\/8282"}],"wp:attachment":[{"href":"https:\/\/kamm.rs\/index.php?rest_route=%2Fwp%2Fv2%2Fmedia&parent=8279"}],"curies":[{"name":"wp","href":"https:\/\/api.w.org\/{rel}","templated":true}]}}