{"id":8289,"date":"2019-07-08T09:58:06","date_gmt":"2019-07-08T09:58:06","guid":{"rendered":"https:\/\/212.62.35.130\/kammsite\/?post_type=product&#038;p=8289"},"modified":"2020-07-10T08:33:29","modified_gmt":"2020-07-10T08:33:29","slug":"led-sijalica-e27-18w","status":"publish","type":"product","link":"https:\/\/kamm.rs\/?product=led-sijalica-e27-18w","title":{"rendered":"Led sijalica E27 18W"},"content":{"rendered":"<table class=\" table table-hover table table-hover table table-hover table table-hover table table-hover\">\n<tbody>\n<tr>\n<td><strong>Proizvo\u0111a\u010d<\/strong><\/td>\n<td>XLED<\/td>\n<\/tr>\n<tr>\n<td><strong>Snaga<\/strong><\/td>\n<td>18W<\/td>\n<\/tr>\n<tr>\n<td><strong>Ja\u010dina svetlosti<\/strong><\/td>\n<td>3000K<\/td>\n<\/tr>\n<\/tbody>\n<\/table>\n","protected":false},"excerpt":{"rendered":"<p>Proizvo\u0111a\u010d XLED Snaga 18W Ja\u010dina svetlosti 3000K<\/p>\n","protected":false},"featured_media":8858,"template":"","meta":[],"_links":{"self":[{"href":"https:\/\/kamm.rs\/index.php?rest_route=\/wp\/v2\/product\/8289"}],"collection":[{"href":"https:\/\/kamm.rs\/index.php?rest_route=\/wp\/v2\/product"}],"about":[{"href":"https:\/\/kamm.rs\/index.php?rest_route=\/wp\/v2\/types\/product"}],"wp:featuredmedia":[{"embeddable":true,"href":"https:\/\/kamm.rs\/index.php?rest_route=\/wp\/v2\/media\/8858"}],"wp:attachment":[{"href":"https:\/\/kamm.rs\/index.php?rest_route=%2Fwp%2Fv2%2Fmedia&parent=8289"}],"curies":[{"name":"wp","href":"https:\/\/api.w.org\/{rel}","templated":true}]}}