{"id":8375,"date":"2019-08-01T13:10:06","date_gmt":"2019-08-01T13:10:06","guid":{"rendered":"https:\/\/212.62.35.130\/kammsite\/?post_type=product&#038;p=8375"},"modified":"2020-07-10T11:30:55","modified_gmt":"2020-07-10T11:30:55","slug":"set-tastatura-i-mis","status":"publish","type":"product","link":"https:\/\/kamm.rs\/?product=set-tastatura-i-mis","title":{"rendered":"Set tastatura i mi\u0161"},"content":{"rendered":"<table class=\" table table-hover table table-hover table table-hover table table-hover table table-hover\">\n<tbody>\n<tr>\n<td><strong>Proizvo\u0111a\u010d<\/strong><\/td>\n<td>Gigatech<\/td>\n<\/tr>\n<tr>\n<td><strong>Model<\/strong><\/td>\n<td>GT-482E<\/td>\n<\/tr>\n<tr>\n<td><strong>Povezivanje tastature<br \/>\n<\/strong><\/td>\n<td>USB<\/td>\n<\/tr>\n<tr>\n<td><strong>Slovni raspored tastera<\/strong><\/td>\n<td>US<\/td>\n<\/tr>\n<tr>\n<td><strong>Broj tastera kod tastature<br \/>\n<\/strong><\/td>\n<td>104+9<\/td>\n<\/tr>\n<tr>\n<td><strong>Povezivanje mi\u0161a<\/strong><\/td>\n<td>USB<\/td>\n<\/tr>\n<tr>\n<td><strong>Broj tastera kod mi\u0161a<br \/>\n<\/strong><\/td>\n<td>3<\/td>\n<\/tr>\n<tr>\n<td><strong>Du\u017eina kabla kod tasture i mi\u0161a<\/strong><\/td>\n<td>1.2m<\/td>\n<\/tr>\n<tr>\n<td><strong>Boja tastaure i mi\u0161a<\/strong><\/td>\n<td>Crna<\/td>\n<\/tr>\n<\/tbody>\n<\/table>\n","protected":false},"excerpt":{"rendered":"<p>Proizvo\u0111a\u010d Gigatech Model GT-482E Povezivanje tastature USB Slovni raspored tastera US Broj tastera kod tastature 104+9 Povezivanje mi\u0161a USB Broj tastera kod mi\u0161a 3 Du\u017eina kabla kod tasture i mi\u0161a 1.2m Boja tastaure i mi\u0161a Crna<\/p>\n","protected":false},"featured_media":8377,"template":"","meta":[],"_links":{"self":[{"href":"https:\/\/kamm.rs\/index.php?rest_route=\/wp\/v2\/product\/8375"}],"collection":[{"href":"https:\/\/kamm.rs\/index.php?rest_route=\/wp\/v2\/product"}],"about":[{"href":"https:\/\/kamm.rs\/index.php?rest_route=\/wp\/v2\/types\/product"}],"wp:featuredmedia":[{"embeddable":true,"href":"https:\/\/kamm.rs\/index.php?rest_route=\/wp\/v2\/media\/8377"}],"wp:attachment":[{"href":"https:\/\/kamm.rs\/index.php?rest_route=%2Fwp%2Fv2%2Fmedia&parent=8375"}],"curies":[{"name":"wp","href":"https:\/\/api.w.org\/{rel}","templated":true}]}}