{"id":8446,"date":"2019-08-03T14:23:27","date_gmt":"2019-08-03T14:23:27","guid":{"rendered":"https:\/\/212.62.35.130\/kammsite\/?post_type=product&#038;p=8446"},"modified":"2020-07-10T11:29:44","modified_gmt":"2020-07-10T11:29:44","slug":"mis-genius-x-g200","status":"publish","type":"product","link":"https:\/\/kamm.rs\/?product=mis-genius-x-g200","title":{"rendered":"Mi\u0161 Genius X-G200"},"content":{"rendered":"<table class=\" table table-hover table table-hover table table-hover table table-hover table table-hover\">\n<tbody>\n<tr>\n<td><strong>Proizvo\u0111a\u010d<\/strong><\/td>\n<td>Genius<\/td>\n<\/tr>\n<tr>\n<td><strong>Model<\/strong><\/td>\n<td>X-G200<\/td>\n<\/tr>\n<tr>\n<td><strong>Tip senzora<\/strong><\/td>\n<td>Opti\u010dki<\/td>\n<\/tr>\n<tr>\n<td><strong>Povezivanje<\/strong><\/td>\n<td>USB<\/td>\n<\/tr>\n<tr>\n<td><strong>Du\u017eina kabla<\/strong><\/td>\n<td>1.5m<\/td>\n<\/tr>\n<tr>\n<td><strong>Dimenzije<\/strong><\/td>\n<td>120mm x 67.3mm x 39.1mm<\/td>\n<\/tr>\n<tr>\n<td><strong>Masa<\/strong><\/td>\n<td>92g<\/td>\n<\/tr>\n<tr>\n<td><strong>Oblik<\/strong><\/td>\n<td>Prilago\u0111en za obe ruke<\/td>\n<\/tr>\n<tr>\n<td><strong>Boja<\/strong><\/td>\n<td>Crna<\/td>\n<\/tr>\n<\/tbody>\n<\/table>\n","protected":false},"excerpt":{"rendered":"<p>Proizvo\u0111a\u010d Genius Model X-G200 Tip senzora Opti\u010dki Povezivanje USB Du\u017eina kabla 1.5m Dimenzije 120mm x 67.3mm x 39.1mm Masa 92g Oblik Prilago\u0111en za obe ruke Boja Crna<\/p>\n","protected":false},"featured_media":8447,"template":"","meta":[],"_links":{"self":[{"href":"https:\/\/kamm.rs\/index.php?rest_route=\/wp\/v2\/product\/8446"}],"collection":[{"href":"https:\/\/kamm.rs\/index.php?rest_route=\/wp\/v2\/product"}],"about":[{"href":"https:\/\/kamm.rs\/index.php?rest_route=\/wp\/v2\/types\/product"}],"wp:featuredmedia":[{"embeddable":true,"href":"https:\/\/kamm.rs\/index.php?rest_route=\/wp\/v2\/media\/8447"}],"wp:attachment":[{"href":"https:\/\/kamm.rs\/index.php?rest_route=%2Fwp%2Fv2%2Fmedia&parent=8446"}],"curies":[{"name":"wp","href":"https:\/\/api.w.org\/{rel}","templated":true}]}}