{"id":8466,"date":"2019-08-03T15:43:23","date_gmt":"2019-08-03T15:43:23","guid":{"rendered":"https:\/\/212.62.35.130\/kammsite\/?post_type=product&#038;p=8466"},"modified":"2020-07-10T11:27:35","modified_gmt":"2020-07-10T11:27:35","slug":"mis-chicony-ms-8268","status":"publish","type":"product","link":"https:\/\/kamm.rs\/?product=mis-chicony-ms-8268","title":{"rendered":"Mi\u0161 Chicony MS-8268"},"content":{"rendered":"<table class=\" table table-hover table table-hover table table-hover table table-hover table table-hover\">\n<tbody>\n<tr>\n<td><strong>Proizvo\u0111a\u010d<\/strong><\/td>\n<td>Chicony<\/td>\n<\/tr>\n<tr>\n<td><strong>Model<\/strong><\/td>\n<td>MS-8268<\/td>\n<\/tr>\n<tr>\n<td><strong>Tip senzora<\/strong><\/td>\n<td>Opti\u010dki<\/td>\n<\/tr>\n<tr>\n<td><strong>Povezivanje<\/strong><\/td>\n<td>USB<\/td>\n<\/tr>\n<tr>\n<td><strong>Boja<\/strong><\/td>\n<td>Crna<\/td>\n<\/tr>\n<\/tbody>\n<\/table>\n","protected":false},"excerpt":{"rendered":"<p>Proizvo\u0111a\u010d Chicony Model MS-8268 Tip senzora Opti\u010dki Povezivanje USB Boja Crna<\/p>\n","protected":false},"featured_media":8474,"template":"","meta":[],"_links":{"self":[{"href":"https:\/\/kamm.rs\/index.php?rest_route=\/wp\/v2\/product\/8466"}],"collection":[{"href":"https:\/\/kamm.rs\/index.php?rest_route=\/wp\/v2\/product"}],"about":[{"href":"https:\/\/kamm.rs\/index.php?rest_route=\/wp\/v2\/types\/product"}],"wp:featuredmedia":[{"embeddable":true,"href":"https:\/\/kamm.rs\/index.php?rest_route=\/wp\/v2\/media\/8474"}],"wp:attachment":[{"href":"https:\/\/kamm.rs\/index.php?rest_route=%2Fwp%2Fv2%2Fmedia&parent=8466"}],"curies":[{"name":"wp","href":"https:\/\/api.w.org\/{rel}","templated":true}]}}