{"id":8471,"date":"2019-08-03T17:06:53","date_gmt":"2019-08-03T17:06:53","guid":{"rendered":"https:\/\/212.62.35.130\/kammsite\/?post_type=product&#038;p=8471"},"modified":"2020-07-10T11:26:47","modified_gmt":"2020-07-10T11:26:47","slug":"mis-genius-energy","status":"publish","type":"product","link":"https:\/\/kamm.rs\/?product=mis-genius-energy","title":{"rendered":"Mi\u0161 Genius Energy"},"content":{"rendered":"<table class=\" table table-hover table table-hover table table-hover table table-hover table table-hover\">\n<tbody>\n<tr>\n<td><strong>Proizvo\u0111a\u010d<\/strong><\/td>\n<td>Genius<\/td>\n<\/tr>\n<tr>\n<td><strong>Model<\/strong><\/td>\n<td>Energy<\/td>\n<\/tr>\n<tr>\n<td><strong>Tip senzora<\/strong><\/td>\n<td>Opti\u010dki<\/td>\n<\/tr>\n<tr>\n<td><strong>Povezivanje<\/strong><\/td>\n<td>USB<\/td>\n<\/tr>\n<tr>\n<td><strong>Boja<\/strong><\/td>\n<td>Crvna<\/td>\n<\/tr>\n<\/tbody>\n<\/table>\n","protected":false},"excerpt":{"rendered":"<p>Proizvo\u0111a\u010d Genius Model Energy Tip senzora Opti\u010dki Povezivanje USB Boja Crvna<\/p>\n","protected":false},"featured_media":8473,"template":"","meta":[],"_links":{"self":[{"href":"https:\/\/kamm.rs\/index.php?rest_route=\/wp\/v2\/product\/8471"}],"collection":[{"href":"https:\/\/kamm.rs\/index.php?rest_route=\/wp\/v2\/product"}],"about":[{"href":"https:\/\/kamm.rs\/index.php?rest_route=\/wp\/v2\/types\/product"}],"wp:featuredmedia":[{"embeddable":true,"href":"https:\/\/kamm.rs\/index.php?rest_route=\/wp\/v2\/media\/8473"}],"wp:attachment":[{"href":"https:\/\/kamm.rs\/index.php?rest_route=%2Fwp%2Fv2%2Fmedia&parent=8471"}],"curies":[{"name":"wp","href":"https:\/\/api.w.org\/{rel}","templated":true}]}}