{"id":8488,"date":"2019-08-03T21:00:56","date_gmt":"2019-08-03T21:00:56","guid":{"rendered":"https:\/\/212.62.35.130\/kammsite\/?post_type=product&#038;p=8488"},"modified":"2023-08-02T13:25:40","modified_gmt":"2023-08-02T13:25:40","slug":"slusalice-genius-hs-g500v","status":"publish","type":"product","link":"https:\/\/kamm.rs\/?product=slusalice-genius-hs-g500v","title":{"rendered":"Slu\u0161alice Genius HS-G500V"},"content":{"rendered":"<table class=\" table table-hover table table-hover table table-hover table table-hover table table-hover\">\n<tbody>\n<tr>\n<td><strong>Proizvo\u0111a\u010d<\/strong><\/td>\n<td>Genius<\/td>\n<\/tr>\n<tr>\n<td><strong>Model<\/strong><\/td>\n<td>HS-G500V<\/td>\n<\/tr>\n<tr>\n<td><strong>Sistem<\/strong><\/td>\n<td>Stero<\/td>\n<\/tr>\n<tr>\n<td><strong>Povezivanje<\/strong><\/td>\n<td>Dva \u010din\u010da 3.5mm<\/td>\n<\/tr>\n<tr>\n<td><strong>Du\u017eina kabla<\/strong><\/td>\n<td>2m<\/td>\n<\/tr>\n<tr>\n<td><strong>Frekvencija zvu\u010dnika<\/strong><\/td>\n<td>20Hz-20KHz<\/td>\n<\/tr>\n<tr>\n<td><strong>Mikrofon<\/strong><\/td>\n<td>Da<\/td>\n<\/tr>\n<tr>\n<td><strong>Boja<\/strong><\/td>\n<td>Crna<\/td>\n<\/tr>\n<\/tbody>\n<\/table>\n","protected":false},"excerpt":{"rendered":"<p>Proizvo\u0111a\u010d Genius Model HS-G500V Sistem Stero Povezivanje Dva \u010din\u010da 3.5mm Du\u017eina kabla 2m Frekvencija zvu\u010dnika 20Hz-20KHz Mikrofon Da Boja Crna<\/p>\n","protected":false},"featured_media":8490,"template":"","meta":[],"_links":{"self":[{"href":"https:\/\/kamm.rs\/index.php?rest_route=\/wp\/v2\/product\/8488"}],"collection":[{"href":"https:\/\/kamm.rs\/index.php?rest_route=\/wp\/v2\/product"}],"about":[{"href":"https:\/\/kamm.rs\/index.php?rest_route=\/wp\/v2\/types\/product"}],"wp:featuredmedia":[{"embeddable":true,"href":"https:\/\/kamm.rs\/index.php?rest_route=\/wp\/v2\/media\/8490"}],"wp:attachment":[{"href":"https:\/\/kamm.rs\/index.php?rest_route=%2Fwp%2Fv2%2Fmedia&parent=8488"}],"curies":[{"name":"wp","href":"https:\/\/api.w.org\/{rel}","templated":true}]}}