{"id":8492,"date":"2019-08-03T21:22:36","date_gmt":"2019-08-03T21:22:36","guid":{"rendered":"https:\/\/212.62.35.130\/kammsite\/?post_type=product&#038;p=8492"},"modified":"2020-07-10T11:47:34","modified_gmt":"2020-07-10T11:47:34","slug":"zvucnik-havit-hv-sk521bt","status":"publish","type":"product","link":"https:\/\/kamm.rs\/?product=zvucnik-havit-hv-sk521bt","title":{"rendered":"Zvu\u010dnik Havit HV-SK521BT"},"content":{"rendered":"<table class=\" table table-hover table table-hover table table-hover table table-hover table table-hover\">\n<tbody>\n<tr>\n<td><strong>Proizvo\u0111a\u010d<\/strong><\/td>\n<td>Havit<\/td>\n<\/tr>\n<tr>\n<td><strong>Model<\/strong><\/td>\n<td>HV-SK521BT<\/td>\n<\/tr>\n<tr>\n<td><strong>Povezivanje<\/strong><\/td>\n<td>Bluetooth<\/td>\n<\/tr>\n<tr>\n<td><strong>Domet<\/strong><\/td>\n<td>8 do 10m<\/td>\n<\/tr>\n<tr>\n<td><strong>Frekvencija zvu\u010dnika<\/strong><\/td>\n<td>280Hz-16KHz<\/td>\n<\/tr>\n<tr>\n<td><strong>Boja<\/strong><\/td>\n<td>Plava<\/td>\n<\/tr>\n<\/tbody>\n<\/table>\n","protected":false},"excerpt":{"rendered":"<p>Proizvo\u0111a\u010d Havit Model HV-SK521BT Povezivanje Bluetooth Domet 8 do 10m Frekvencija zvu\u010dnika 280Hz-16KHz Boja Plava<\/p>\n","protected":false},"featured_media":8493,"template":"","meta":[],"_links":{"self":[{"href":"https:\/\/kamm.rs\/index.php?rest_route=\/wp\/v2\/product\/8492"}],"collection":[{"href":"https:\/\/kamm.rs\/index.php?rest_route=\/wp\/v2\/product"}],"about":[{"href":"https:\/\/kamm.rs\/index.php?rest_route=\/wp\/v2\/types\/product"}],"wp:featuredmedia":[{"embeddable":true,"href":"https:\/\/kamm.rs\/index.php?rest_route=\/wp\/v2\/media\/8493"}],"wp:attachment":[{"href":"https:\/\/kamm.rs\/index.php?rest_route=%2Fwp%2Fv2%2Fmedia&parent=8492"}],"curies":[{"name":"wp","href":"https:\/\/api.w.org\/{rel}","templated":true}]}}