{"id":8498,"date":"2019-08-04T14:52:21","date_gmt":"2019-08-04T14:52:21","guid":{"rendered":"https:\/\/212.62.35.130\/kammsite\/?post_type=product&#038;p=8498"},"modified":"2020-07-10T11:46:39","modified_gmt":"2020-07-10T11:46:39","slug":"zvucnik-genius-sp-hf160","status":"publish","type":"product","link":"https:\/\/kamm.rs\/?product=zvucnik-genius-sp-hf160","title":{"rendered":"Zvu\u010dnik Genius SP-HF160"},"content":{"rendered":"<table class=\" table table-hover table table-hover table table-hover table table-hover table table-hover\">\n<tbody>\n<tr>\n<td><strong>Proizvo\u0111a\u010d<\/strong><\/td>\n<td>Genius<\/td>\n<\/tr>\n<tr>\n<td><strong>Model<\/strong><\/td>\n<td>SP-HF160<\/td>\n<\/tr>\n<tr>\n<td><strong>Povezivanje<\/strong><\/td>\n<td>\u010cin\u010d 3.5mm<\/td>\n<\/tr>\n<tr>\n<td><strong>Napajanje<\/strong><\/td>\n<td>USB1.2m<\/td>\n<\/tr>\n<tr>\n<td><strong>Du\u017eina kabla<\/strong><\/td>\n<td>1.2m<\/td>\n<\/tr>\n<tr>\n<td><strong>Frekvencija zvu\u010dnika<\/strong><\/td>\n<td>160Hz-18KHz<\/td>\n<\/tr>\n<tr>\n<td><strong>Boja<\/strong><\/td>\n<td>Braon<\/td>\n<\/tr>\n<\/tbody>\n<\/table>\n","protected":false},"excerpt":{"rendered":"<p>Proizvo\u0111a\u010d Genius Model SP-HF160 Povezivanje \u010cin\u010d 3.5mm Napajanje USB1.2m Du\u017eina kabla 1.2m Frekvencija zvu\u010dnika 160Hz-18KHz Boja Braon<\/p>\n","protected":false},"featured_media":8500,"template":"","meta":[],"_links":{"self":[{"href":"https:\/\/kamm.rs\/index.php?rest_route=\/wp\/v2\/product\/8498"}],"collection":[{"href":"https:\/\/kamm.rs\/index.php?rest_route=\/wp\/v2\/product"}],"about":[{"href":"https:\/\/kamm.rs\/index.php?rest_route=\/wp\/v2\/types\/product"}],"wp:featuredmedia":[{"embeddable":true,"href":"https:\/\/kamm.rs\/index.php?rest_route=\/wp\/v2\/media\/8500"}],"wp:attachment":[{"href":"https:\/\/kamm.rs\/index.php?rest_route=%2Fwp%2Fv2%2Fmedia&parent=8498"}],"curies":[{"name":"wp","href":"https:\/\/api.w.org\/{rel}","templated":true}]}}