{"id":8505,"date":"2019-08-04T15:23:07","date_gmt":"2019-08-04T15:23:07","guid":{"rendered":"https:\/\/212.62.35.130\/kammsite\/?post_type=product&#038;p=8505"},"modified":"2020-07-10T11:43:42","modified_gmt":"2020-07-10T11:43:42","slug":"zvucnik-genius-sw-n5-1-1000","status":"publish","type":"product","link":"https:\/\/kamm.rs\/?product=zvucnik-genius-sw-n5-1-1000","title":{"rendered":"Zvu\u010dnik Genius SW-N5.1 1000"},"content":{"rendered":"<table class=\" table table-hover table table-hover table table-hover table table-hover table table-hover\">\n<tbody>\n<tr>\n<td><strong>Proizvo\u0111a\u010d<\/strong><\/td>\n<td>Genius<\/td>\n<\/tr>\n<tr>\n<td><strong>Model<\/strong><\/td>\n<td>SW-N5.1 1000<\/td>\n<\/tr>\n<tr>\n<td><strong>Povezivanje<\/strong><\/td>\n<td>\u010cin\u010d 3.5mm<\/td>\n<\/tr>\n<tr>\n<td><strong>Frekvencija zvu\u010dnika<\/strong><\/td>\n<td>80Hz-20KHz<\/td>\n<\/tr>\n<tr>\n<td><strong>Boja<\/strong><\/td>\n<td>Crna<\/td>\n<\/tr>\n<\/tbody>\n<\/table>\n","protected":false},"excerpt":{"rendered":"<p>Proizvo\u0111a\u010d Genius Model SW-N5.1 1000 Povezivanje \u010cin\u010d 3.5mm Frekvencija zvu\u010dnika 80Hz-20KHz Boja Crna<\/p>\n","protected":false},"featured_media":8506,"template":"","meta":[],"_links":{"self":[{"href":"https:\/\/kamm.rs\/index.php?rest_route=\/wp\/v2\/product\/8505"}],"collection":[{"href":"https:\/\/kamm.rs\/index.php?rest_route=\/wp\/v2\/product"}],"about":[{"href":"https:\/\/kamm.rs\/index.php?rest_route=\/wp\/v2\/types\/product"}],"wp:featuredmedia":[{"embeddable":true,"href":"https:\/\/kamm.rs\/index.php?rest_route=\/wp\/v2\/media\/8506"}],"wp:attachment":[{"href":"https:\/\/kamm.rs\/index.php?rest_route=%2Fwp%2Fv2%2Fmedia&parent=8505"}],"curies":[{"name":"wp","href":"https:\/\/api.w.org\/{rel}","templated":true}]}}