{"id":8525,"date":"2019-08-05T11:01:31","date_gmt":"2019-08-05T11:01:31","guid":{"rendered":"https:\/\/212.62.35.130\/kammsite\/?post_type=product&#038;p=8525"},"modified":"2020-07-10T07:52:06","modified_gmt":"2020-07-10T07:52:06","slug":"fascikla-sa-klapnama-a4-u-boji","status":"publish","type":"product","link":"https:\/\/kamm.rs\/?product=fascikla-sa-klapnama-a4-u-boji","title":{"rendered":"Fascikla A4 sa klapnama u boji"},"content":{"rendered":"<table class=\" table table-hover table table-hover table table-hover table table-hover table table-hover\">\n<tbody>\n<tr>\n<td><strong>Proizvo\u0111a\u010d<\/strong><\/td>\n<td>Optimum<\/td>\n<\/tr>\n<tr>\n<td><strong>Materijal<\/strong><\/td>\n<td>Karton<\/td>\n<\/tr>\n<tr>\n<td><strong>Format<\/strong><\/td>\n<td>A4<\/td>\n<\/tr>\n<tr>\n<td><strong>Boja<\/strong><\/td>\n<td>Crvena, plava, zelena, narand\u017easta<\/td>\n<\/tr>\n<\/tbody>\n<\/table>\n","protected":false},"excerpt":{"rendered":"<p>Proizvo\u0111a\u010d Optimum Materijal Karton Format A4 Boja Crvena, plava, zelena, narand\u017easta<\/p>\n","protected":false},"featured_media":8527,"template":"","meta":[],"_links":{"self":[{"href":"https:\/\/kamm.rs\/index.php?rest_route=\/wp\/v2\/product\/8525"}],"collection":[{"href":"https:\/\/kamm.rs\/index.php?rest_route=\/wp\/v2\/product"}],"about":[{"href":"https:\/\/kamm.rs\/index.php?rest_route=\/wp\/v2\/types\/product"}],"wp:featuredmedia":[{"embeddable":true,"href":"https:\/\/kamm.rs\/index.php?rest_route=\/wp\/v2\/media\/8527"}],"wp:attachment":[{"href":"https:\/\/kamm.rs\/index.php?rest_route=%2Fwp%2Fv2%2Fmedia&parent=8525"}],"curies":[{"name":"wp","href":"https:\/\/api.w.org\/{rel}","templated":true}]}}