{"id":8534,"date":"2019-08-05T12:20:12","date_gmt":"2019-08-05T12:20:12","guid":{"rendered":"https:\/\/212.62.35.130\/kammsite\/?post_type=product&#038;p=8534"},"modified":"2024-10-22T07:48:53","modified_gmt":"2024-10-22T07:48:53","slug":"registrator-a4","status":"publish","type":"product","link":"https:\/\/kamm.rs\/?product=registrator-a4","title":{"rendered":"Registrator A4"},"content":{"rendered":"<table class=\" table table-hover table table-hover table table-hover table table-hover table table-hover\">\n<tbody>\n<tr>\n<td><strong>Proizvo\u0111a\u010d<\/strong><\/td>\n<td>Optimum<\/td>\n<\/tr>\n<tr>\n<td><strong>Materijal<\/strong><\/td>\n<td>Karton<\/td>\n<\/tr>\n<tr>\n<td><strong>Format<\/strong><\/td>\n<td>A4<\/td>\n<\/tr>\n<tr>\n<td><strong>Boja<\/strong><\/td>\n<td>Crvena, plava, \u017euta<\/td>\n<\/tr>\n<\/tbody>\n<\/table>\n","protected":false},"excerpt":{"rendered":"<p>Proizvo\u0111a\u010d Optimum Materijal Karton Format A4 Boja Crvena, plava, \u017euta<\/p>\n","protected":false},"featured_media":8536,"template":"","meta":[],"_links":{"self":[{"href":"https:\/\/kamm.rs\/index.php?rest_route=\/wp\/v2\/product\/8534"}],"collection":[{"href":"https:\/\/kamm.rs\/index.php?rest_route=\/wp\/v2\/product"}],"about":[{"href":"https:\/\/kamm.rs\/index.php?rest_route=\/wp\/v2\/types\/product"}],"wp:featuredmedia":[{"embeddable":true,"href":"https:\/\/kamm.rs\/index.php?rest_route=\/wp\/v2\/media\/8536"}],"wp:attachment":[{"href":"https:\/\/kamm.rs\/index.php?rest_route=%2Fwp%2Fv2%2Fmedia&parent=8534"}],"curies":[{"name":"wp","href":"https:\/\/api.w.org\/{rel}","templated":true}]}}