{"id":8643,"date":"2019-08-13T07:09:31","date_gmt":"2019-08-13T07:09:31","guid":{"rendered":"https:\/\/212.62.35.130\/kammsite\/?post_type=product&#038;p=8643"},"modified":"2020-07-09T15:08:34","modified_gmt":"2020-07-09T15:08:34","slug":"marker-permanent-edding-330","status":"publish","type":"product","link":"https:\/\/kamm.rs\/?product=marker-permanent-edding-330","title":{"rendered":"Marker permanent Edding 330"},"content":{"rendered":"<table class=\" table table-hover table table-hover table table-hover table table-hover table table-hover\">\n<tbody>\n<tr>\n<td><strong>Proizvo\u0111a\u010d<\/strong><\/td>\n<td>Edding<\/td>\n<\/tr>\n<tr>\n<td><strong>Model<\/strong><\/td>\n<td>330<\/td>\n<\/tr>\n<tr>\n<td><strong>Oblik vrha<\/strong><\/td>\n<td>Kosi<\/td>\n<\/tr>\n<tr>\n<td><strong>\u0160irina vrha<\/strong><\/td>\n<td>1 do 5 mm<\/td>\n<\/tr>\n<tr>\n<td><strong>Upotreba<\/strong><\/td>\n<td>Metal, plastika, drvo, staklo, ko\u017ea<\/td>\n<\/tr>\n<\/tbody>\n<\/table>\n","protected":false},"excerpt":{"rendered":"<p>Proizvo\u0111a\u010d Edding Model 330 Oblik vrha Kosi \u0160irina vrha 1 do 5 mm Upotreba Metal, plastika, drvo, staklo, ko\u017ea<\/p>\n","protected":false},"featured_media":8644,"template":"","meta":[],"_links":{"self":[{"href":"https:\/\/kamm.rs\/index.php?rest_route=\/wp\/v2\/product\/8643"}],"collection":[{"href":"https:\/\/kamm.rs\/index.php?rest_route=\/wp\/v2\/product"}],"about":[{"href":"https:\/\/kamm.rs\/index.php?rest_route=\/wp\/v2\/types\/product"}],"wp:featuredmedia":[{"embeddable":true,"href":"https:\/\/kamm.rs\/index.php?rest_route=\/wp\/v2\/media\/8644"}],"wp:attachment":[{"href":"https:\/\/kamm.rs\/index.php?rest_route=%2Fwp%2Fv2%2Fmedia&parent=8643"}],"curies":[{"name":"wp","href":"https:\/\/api.w.org\/{rel}","templated":true}]}}