{"id":8678,"date":"2019-08-13T10:29:25","date_gmt":"2019-08-13T10:29:25","guid":{"rendered":"https:\/\/212.62.35.130\/kammsite\/?post_type=product&#038;p=8678"},"modified":"2022-05-14T16:59:23","modified_gmt":"2022-05-14T16:59:23","slug":"ribon-pr2","status":"publish","type":"product","link":"https:\/\/kamm.rs\/?product=ribon-pr2","title":{"rendered":"Ribon PR2"},"content":{"rendered":"<table class=\" table table-hover table table-hover table table-hover table table-hover table table-hover\">\n<tbody>\n<tr>\n<td><strong>Proizvo\u0111a\u010d<\/strong><\/td>\n<td>G&amp;G<\/td>\n<\/tr>\n<tr>\n<td><strong>Upotreba<\/strong><\/td>\n<td>Olivetti matri\u010dni \u0161tampa\u010di<\/td>\n<\/tr>\n<\/tbody>\n<\/table>\n","protected":false},"excerpt":{"rendered":"<p>Proizvo\u0111a\u010d G&amp;G Upotreba Olivetti matri\u010dni \u0161tampa\u010di<\/p>\n","protected":false},"featured_media":8691,"template":"","meta":[],"_links":{"self":[{"href":"https:\/\/kamm.rs\/index.php?rest_route=\/wp\/v2\/product\/8678"}],"collection":[{"href":"https:\/\/kamm.rs\/index.php?rest_route=\/wp\/v2\/product"}],"about":[{"href":"https:\/\/kamm.rs\/index.php?rest_route=\/wp\/v2\/types\/product"}],"wp:featuredmedia":[{"embeddable":true,"href":"https:\/\/kamm.rs\/index.php?rest_route=\/wp\/v2\/media\/8691"}],"wp:attachment":[{"href":"https:\/\/kamm.rs\/index.php?rest_route=%2Fwp%2Fv2%2Fmedia&parent=8678"}],"curies":[{"name":"wp","href":"https:\/\/api.w.org\/{rel}","templated":true}]}}