{"id":8681,"date":"2019-08-13T11:22:36","date_gmt":"2019-08-13T11:22:36","guid":{"rendered":"https:\/\/212.62.35.130\/kammsite\/?post_type=product&#038;p=8681"},"modified":"2022-05-14T16:59:44","modified_gmt":"2022-05-14T16:59:44","slug":"ribon-epson-lq800","status":"publish","type":"product","link":"https:\/\/kamm.rs\/?product=ribon-epson-lq800","title":{"rendered":"Ribon Epson LQ800"},"content":{"rendered":"<table class=\" table table-hover table table-hover table table-hover table table-hover table table-hover\">\n<tbody>\n<tr>\n<td><strong>Proizvo\u0111a\u010d<\/strong><\/td>\n<td>G&amp;G<\/td>\n<\/tr>\n<tr>\n<td><strong>Upotreba<\/strong><\/td>\n<td>Matri\u010dni \u0161tampa\u010di Epson, Citizen, Shinwa, Genicom Genoprint, Nixdorf<\/td>\n<\/tr>\n<\/tbody>\n<\/table>\n","protected":false},"excerpt":{"rendered":"<p>Proizvo\u0111a\u010d G&amp;G Upotreba Matri\u010dni \u0161tampa\u010di Epson, Citizen, Shinwa, Genicom Genoprint, Nixdorf<\/p>\n","protected":false},"featured_media":8689,"template":"","meta":[],"_links":{"self":[{"href":"https:\/\/kamm.rs\/index.php?rest_route=\/wp\/v2\/product\/8681"}],"collection":[{"href":"https:\/\/kamm.rs\/index.php?rest_route=\/wp\/v2\/product"}],"about":[{"href":"https:\/\/kamm.rs\/index.php?rest_route=\/wp\/v2\/types\/product"}],"wp:featuredmedia":[{"embeddable":true,"href":"https:\/\/kamm.rs\/index.php?rest_route=\/wp\/v2\/media\/8689"}],"wp:attachment":[{"href":"https:\/\/kamm.rs\/index.php?rest_route=%2Fwp%2Fv2%2Fmedia&parent=8681"}],"curies":[{"name":"wp","href":"https:\/\/api.w.org\/{rel}","templated":true}]}}