{"id":8684,"date":"2019-08-13T11:49:24","date_gmt":"2019-08-13T11:49:24","guid":{"rendered":"https:\/\/212.62.35.130\/kammsite\/?post_type=product&#038;p=8684"},"modified":"2022-05-14T17:00:07","modified_gmt":"2022-05-14T17:00:07","slug":"ribon-epson-plq20k","status":"publish","type":"product","link":"https:\/\/kamm.rs\/?product=ribon-epson-plq20k","title":{"rendered":"Ribon Epson PLQ20K"},"content":{"rendered":"<table class=\" table table-hover table table-hover table table-hover table table-hover table table-hover\">\n<tbody>\n<tr>\n<td><strong>Proizvo\u0111a\u010d<\/strong><\/td>\n<td>G&amp;G<\/td>\n<\/tr>\n<tr>\n<td><strong>Upotreba<\/strong><\/td>\n<td>\u0160tampa\u010d Epson PLQ-20\/20M\/20K\/20KM\/LQ90KP<\/td>\n<\/tr>\n<\/tbody>\n<\/table>\n","protected":false},"excerpt":{"rendered":"<p>Proizvo\u0111a\u010d G&amp;G Upotreba \u0160tampa\u010d Epson PLQ-20\/20M\/20K\/20KM\/LQ90KP<\/p>\n","protected":false},"featured_media":8687,"template":"","meta":[],"_links":{"self":[{"href":"https:\/\/kamm.rs\/index.php?rest_route=\/wp\/v2\/product\/8684"}],"collection":[{"href":"https:\/\/kamm.rs\/index.php?rest_route=\/wp\/v2\/product"}],"about":[{"href":"https:\/\/kamm.rs\/index.php?rest_route=\/wp\/v2\/types\/product"}],"wp:featuredmedia":[{"embeddable":true,"href":"https:\/\/kamm.rs\/index.php?rest_route=\/wp\/v2\/media\/8687"}],"wp:attachment":[{"href":"https:\/\/kamm.rs\/index.php?rest_route=%2Fwp%2Fv2%2Fmedia&parent=8684"}],"curies":[{"name":"wp","href":"https:\/\/api.w.org\/{rel}","templated":true}]}}