{"id":8718,"date":"2019-08-14T07:37:30","date_gmt":"2019-08-14T07:37:30","guid":{"rendered":"https:\/\/212.62.35.130\/kammsite\/?post_type=product&#038;p=8718"},"modified":"2020-07-10T08:07:58","modified_gmt":"2020-07-10T08:07:58","slug":"led-panel-12w-cx-s02","status":"publish","type":"product","link":"https:\/\/kamm.rs\/?product=led-panel-12w-cx-s02","title":{"rendered":"LED panel 12W CX-S02"},"content":{"rendered":"<table class=\" table table-hover table table-hover table table-hover table table-hover table table-hover\">\n<tbody>\n<tr>\n<td><strong>Proizvo\u0111a\u010d<\/strong><\/td>\n<td>Greentech<\/td>\n<\/tr>\n<tr>\n<td><strong>Model<\/strong><\/td>\n<td>CX-S02-12NW<\/td>\n<\/tr>\n<tr>\n<td><strong>Snaga<\/strong><\/td>\n<td>12W<\/td>\n<\/tr>\n<tr>\n<td><strong>Ja\u010dina svetla<\/strong><\/td>\n<td>4200K<\/td>\n<\/tr>\n<\/tbody>\n<\/table>\n","protected":false},"excerpt":{"rendered":"<p>Proizvo\u0111a\u010d Greentech Model CX-S02-12NW Snaga 12W Ja\u010dina svetla 4200K<\/p>\n","protected":false},"featured_media":8719,"template":"","meta":[],"_links":{"self":[{"href":"https:\/\/kamm.rs\/index.php?rest_route=\/wp\/v2\/product\/8718"}],"collection":[{"href":"https:\/\/kamm.rs\/index.php?rest_route=\/wp\/v2\/product"}],"about":[{"href":"https:\/\/kamm.rs\/index.php?rest_route=\/wp\/v2\/types\/product"}],"wp:featuredmedia":[{"embeddable":true,"href":"https:\/\/kamm.rs\/index.php?rest_route=\/wp\/v2\/media\/8719"}],"wp:attachment":[{"href":"https:\/\/kamm.rs\/index.php?rest_route=%2Fwp%2Fv2%2Fmedia&parent=8718"}],"curies":[{"name":"wp","href":"https:\/\/api.w.org\/{rel}","templated":true}]}}