{"id":9066,"date":"2019-09-25T13:14:04","date_gmt":"2019-09-25T13:14:04","guid":{"rendered":"https:\/\/zmaj.kamm.rs\/kammsite\/?post_type=product&#038;p=9066"},"modified":"2020-07-10T08:31:43","modified_gmt":"2020-07-10T08:31:43","slug":"led-sijalica-spectra-e27-12w","status":"publish","type":"product","link":"https:\/\/kamm.rs\/?product=led-sijalica-spectra-e27-12w","title":{"rendered":"LED sijalica Spectra E27 12W"},"content":{"rendered":"<table class=\" table table-hover table table-hover table table-hover table table-hover table table-hover\">\n<tbody>\n<tr>\n<td><strong>Proizvo\u0111a\u010d<\/strong><\/td>\n<td>Spectra<\/td>\n<\/tr>\n<tr>\n<td><strong>Snaga<\/strong><\/td>\n<td>12W<\/td>\n<\/tr>\n<tr>\n<td><strong>Ja\u010dina svetlosti<\/strong><\/td>\n<td>4200K<\/td>\n<\/tr>\n<\/tbody>\n<\/table>\n","protected":false},"excerpt":{"rendered":"<p>Proizvo\u0111a\u010d Spectra Snaga 12W Ja\u010dina svetlosti 4200K<\/p>\n","protected":false},"featured_media":9038,"template":"","meta":[],"_links":{"self":[{"href":"https:\/\/kamm.rs\/index.php?rest_route=\/wp\/v2\/product\/9066"}],"collection":[{"href":"https:\/\/kamm.rs\/index.php?rest_route=\/wp\/v2\/product"}],"about":[{"href":"https:\/\/kamm.rs\/index.php?rest_route=\/wp\/v2\/types\/product"}],"wp:featuredmedia":[{"embeddable":true,"href":"https:\/\/kamm.rs\/index.php?rest_route=\/wp\/v2\/media\/9038"}],"wp:attachment":[{"href":"https:\/\/kamm.rs\/index.php?rest_route=%2Fwp%2Fv2%2Fmedia&parent=9066"}],"curies":[{"name":"wp","href":"https:\/\/api.w.org\/{rel}","templated":true}]}}