{"id":9067,"date":"2019-09-25T13:17:36","date_gmt":"2019-09-25T13:17:36","guid":{"rendered":"https:\/\/zmaj.kamm.rs\/kammsite\/?post_type=product&#038;p=9067"},"modified":"2020-07-10T08:29:39","modified_gmt":"2020-07-10T08:29:39","slug":"led-sijalica-spectra-e27-10w","status":"publish","type":"product","link":"https:\/\/kamm.rs\/?product=led-sijalica-spectra-e27-10w","title":{"rendered":"LED sijalica Spectra E27 10W"},"content":{"rendered":"<table class=\" table table-hover table table-hover table table-hover table table-hover table table-hover\">\n<tbody>\n<tr>\n<td><strong>Proizvo\u0111a\u010d<\/strong><\/td>\n<td>Spectra<\/td>\n<\/tr>\n<tr>\n<td><strong>Snaga<\/strong><\/td>\n<td>10W<\/td>\n<\/tr>\n<tr>\n<td><strong>Ja\u010dina svetlosti<\/strong><\/td>\n<td>4200K, 6500K<\/td>\n<\/tr>\n<\/tbody>\n<\/table>\n","protected":false},"excerpt":{"rendered":"<p>Proizvo\u0111a\u010d Spectra Snaga 10W Ja\u010dina svetlosti 4200K, 6500K<\/p>\n","protected":false},"featured_media":9039,"template":"","meta":[],"_links":{"self":[{"href":"https:\/\/kamm.rs\/index.php?rest_route=\/wp\/v2\/product\/9067"}],"collection":[{"href":"https:\/\/kamm.rs\/index.php?rest_route=\/wp\/v2\/product"}],"about":[{"href":"https:\/\/kamm.rs\/index.php?rest_route=\/wp\/v2\/types\/product"}],"wp:featuredmedia":[{"embeddable":true,"href":"https:\/\/kamm.rs\/index.php?rest_route=\/wp\/v2\/media\/9039"}],"wp:attachment":[{"href":"https:\/\/kamm.rs\/index.php?rest_route=%2Fwp%2Fv2%2Fmedia&parent=9067"}],"curies":[{"name":"wp","href":"https:\/\/api.w.org\/{rel}","templated":true}]}}