{"id":9207,"date":"2020-06-29T12:58:52","date_gmt":"2020-06-29T12:58:52","guid":{"rendered":"https:\/\/192.168.1.10\/kammsite\/?post_type=product&#038;p=9207"},"modified":"2022-05-14T16:57:02","modified_gmt":"2022-05-14T16:57:02","slug":"cd-r-verbatim-700mb-52x-1-50","status":"publish","type":"product","link":"https:\/\/kamm.rs\/?product=cd-r-verbatim-700mb-52x-1-50","title":{"rendered":"CD-R Verbatim 700MB 52x"},"content":{"rendered":"<table class=\" table table-hover table table-hover table table-hover table table-hover table table-hover\">\n<tbody>\n<tr>\n<td><strong>Proizvo\u0111a\u010d<\/strong><\/td>\n<td>Verbatim<\/td>\n<\/tr>\n<tr>\n<td><strong>Kapacitet<\/strong><\/td>\n<td>700MB<\/td>\n<\/tr>\n<tr>\n<td><strong>Brzina<\/strong><\/td>\n<td>52X<\/td>\n<\/tr>\n<tr>\n<td><strong>Koli\u010dina<\/strong><\/td>\n<td>50 komada<\/td>\n<\/tr>\n<\/tbody>\n<\/table>\n","protected":false},"excerpt":{"rendered":"<p>Proizvo\u0111a\u010d Verbatim Kapacitet 700MB Brzina 52X Koli\u010dina 50 komada<\/p>\n","protected":false},"featured_media":9208,"template":"","meta":[],"_links":{"self":[{"href":"https:\/\/kamm.rs\/index.php?rest_route=\/wp\/v2\/product\/9207"}],"collection":[{"href":"https:\/\/kamm.rs\/index.php?rest_route=\/wp\/v2\/product"}],"about":[{"href":"https:\/\/kamm.rs\/index.php?rest_route=\/wp\/v2\/types\/product"}],"wp:featuredmedia":[{"embeddable":true,"href":"https:\/\/kamm.rs\/index.php?rest_route=\/wp\/v2\/media\/9208"}],"wp:attachment":[{"href":"https:\/\/kamm.rs\/index.php?rest_route=%2Fwp%2Fv2%2Fmedia&parent=9207"}],"curies":[{"name":"wp","href":"https:\/\/api.w.org\/{rel}","templated":true}]}}