{"id":9210,"date":"2020-06-29T13:28:07","date_gmt":"2020-06-29T13:28:07","guid":{"rendered":"https:\/\/192.168.1.10\/kammsite\/?post_type=product&#038;p=9210"},"modified":"2022-05-14T16:56:30","modified_gmt":"2022-05-14T16:56:30","slug":"dvd-r-verbatim-4-7gb-16x","status":"publish","type":"product","link":"https:\/\/kamm.rs\/?product=dvd-r-verbatim-4-7gb-16x","title":{"rendered":"DVD-R Verbatim 4.7GB 16x"},"content":{"rendered":"<table class=\" table table-hover table table-hover table table-hover table table-hover table table-hover\">\n<tbody>\n<tr>\n<td><strong>Proizvo\u0111a\u010d<\/strong><\/td>\n<td>Verbatim<\/td>\n<\/tr>\n<tr>\n<td><strong>Kapacitet<\/strong><\/td>\n<td>4.7GB<\/td>\n<\/tr>\n<tr>\n<td><strong>Brzina<\/strong><\/td>\n<td>16X<\/td>\n<\/tr>\n<tr>\n<td><strong>Koli\u010dina<\/strong><\/td>\n<td>50 komada<\/td>\n<\/tr>\n<\/tbody>\n<\/table>\n","protected":false},"excerpt":{"rendered":"<p>Proizvo\u0111a\u010d Verbatim Kapacitet 4.7GB Brzina 16X Koli\u010dina 50 komada<\/p>\n","protected":false},"featured_media":9211,"template":"","meta":[],"_links":{"self":[{"href":"https:\/\/kamm.rs\/index.php?rest_route=\/wp\/v2\/product\/9210"}],"collection":[{"href":"https:\/\/kamm.rs\/index.php?rest_route=\/wp\/v2\/product"}],"about":[{"href":"https:\/\/kamm.rs\/index.php?rest_route=\/wp\/v2\/types\/product"}],"wp:featuredmedia":[{"embeddable":true,"href":"https:\/\/kamm.rs\/index.php?rest_route=\/wp\/v2\/media\/9211"}],"wp:attachment":[{"href":"https:\/\/kamm.rs\/index.php?rest_route=%2Fwp%2Fv2%2Fmedia&parent=9210"}],"curies":[{"name":"wp","href":"https:\/\/api.w.org\/{rel}","templated":true}]}}