{"id":9447,"date":"2020-09-11T11:27:40","date_gmt":"2020-09-11T11:27:40","guid":{"rendered":"https:\/\/192.168.1.10\/kammsite\/?post_type=product&#038;p=9447"},"modified":"2022-05-14T16:55:50","modified_gmt":"2022-05-14T16:55:50","slug":"cd-r-hp-700mb-52x","status":"publish","type":"product","link":"https:\/\/kamm.rs\/?product=cd-r-hp-700mb-52x","title":{"rendered":"CD-R HP 700MB 52X"},"content":{"rendered":"<table class=\" table table-hover table table-hover table table-hover table table-hover table table-hover\">\n<tbody>\n<tr>\n<td><strong>Proizvo\u0111a\u010d<\/strong><\/td>\n<td>HP<\/td>\n<\/tr>\n<tr>\n<td><strong>Kapacitet<\/strong><\/td>\n<td>700MB<\/td>\n<\/tr>\n<tr>\n<td><strong>Brzina<\/strong><\/td>\n<td>52X<\/td>\n<\/tr>\n<tr>\n<td><strong>Koli\u010dina<\/strong><\/td>\n<td>1 disk<\/td>\n<\/tr>\n<\/tbody>\n<\/table>\n","protected":false},"excerpt":{"rendered":"<p>Proizvo\u0111a\u010d HP Kapacitet 700MB Brzina 52X Koli\u010dina 1 disk<\/p>\n","protected":false},"featured_media":9448,"template":"","meta":[],"_links":{"self":[{"href":"https:\/\/kamm.rs\/index.php?rest_route=\/wp\/v2\/product\/9447"}],"collection":[{"href":"https:\/\/kamm.rs\/index.php?rest_route=\/wp\/v2\/product"}],"about":[{"href":"https:\/\/kamm.rs\/index.php?rest_route=\/wp\/v2\/types\/product"}],"wp:featuredmedia":[{"embeddable":true,"href":"https:\/\/kamm.rs\/index.php?rest_route=\/wp\/v2\/media\/9448"}],"wp:attachment":[{"href":"https:\/\/kamm.rs\/index.php?rest_route=%2Fwp%2Fv2%2Fmedia&parent=9447"}],"curies":[{"name":"wp","href":"https:\/\/api.w.org\/{rel}","templated":true}]}}