{"id":9463,"date":"2020-09-11T16:14:37","date_gmt":"2020-09-11T16:14:37","guid":{"rendered":"https:\/\/192.168.1.10\/kammsite\/?post_type=product&#038;p=9463"},"modified":"2022-05-14T16:54:43","modified_gmt":"2022-05-14T16:54:43","slug":"dvd-r-hp-inkjetprintable","status":"publish","type":"product","link":"https:\/\/kamm.rs\/?product=dvd-r-hp-inkjetprintable","title":{"rendered":"DVD-R HP InkjetPrintable"},"content":{"rendered":"<table class=\" table table-hover table table-hover table table-hover table table-hover table table-hover\">\n<tbody>\n<tr>\n<td><strong>Proizvo\u0111a\u010d<\/strong><\/td>\n<td>HP<\/td>\n<\/tr>\n<tr>\n<td><strong>Kapacitet<\/strong><\/td>\n<td>4.7GB<\/td>\n<\/tr>\n<tr>\n<td><strong>Brzina<\/strong><\/td>\n<td>16X<\/td>\n<\/tr>\n<tr>\n<td><strong>Povr\u0161ina za \u0161tampanje<\/strong><\/td>\n<td>bela mat,23-118mm<\/td>\n<\/tr>\n<tr>\n<td><strong>Koli\u010dina<\/strong><\/td>\n<td>1 disk<\/td>\n<\/tr>\n<\/tbody>\n<\/table>\n","protected":false},"excerpt":{"rendered":"<p>Proizvo\u0111a\u010d HP Kapacitet 4.7GB Brzina 16X Povr\u0161ina za \u0161tampanje bela mat,23-118mm Koli\u010dina 1 disk<\/p>\n","protected":false},"featured_media":9464,"template":"","meta":[],"_links":{"self":[{"href":"https:\/\/kamm.rs\/index.php?rest_route=\/wp\/v2\/product\/9463"}],"collection":[{"href":"https:\/\/kamm.rs\/index.php?rest_route=\/wp\/v2\/product"}],"about":[{"href":"https:\/\/kamm.rs\/index.php?rest_route=\/wp\/v2\/types\/product"}],"wp:featuredmedia":[{"embeddable":true,"href":"https:\/\/kamm.rs\/index.php?rest_route=\/wp\/v2\/media\/9464"}],"wp:attachment":[{"href":"https:\/\/kamm.rs\/index.php?rest_route=%2Fwp%2Fv2%2Fmedia&parent=9463"}],"curies":[{"name":"wp","href":"https:\/\/api.w.org\/{rel}","templated":true}]}}