{"id":9483,"date":"2020-09-17T09:58:20","date_gmt":"2020-09-17T09:58:20","guid":{"rendered":"https:\/\/192.168.1.10\/kammsite\/?post_type=product&#038;p=9483"},"modified":"2020-09-23T12:09:03","modified_gmt":"2020-09-23T12:09:03","slug":"kabl-za-napajnje-racunara","status":"publish","type":"product","link":"https:\/\/kamm.rs\/?product=kabl-za-napajnje-racunara","title":{"rendered":"Kabl za napajnje ra\u010dunara"},"content":{"rendered":"<table class=\" table table-hover table table-hover table table-hover table table-hover table table-hover\">\n<tbody>\n<tr>\n<td><strong>Proizvo\u0111a\u010d<\/strong><\/td>\n<td>Intex<\/td>\n<\/tr>\n<tr>\n<td><strong>Du\u017eina kabla<\/strong><\/td>\n<td>1.8m<\/td>\n<\/tr>\n<\/tbody>\n<\/table>\n","protected":false},"excerpt":{"rendered":"<p>Proizvo\u0111a\u010d Intex Du\u017eina kabla 1.8m<\/p>\n","protected":false},"featured_media":9484,"template":"","meta":[],"_links":{"self":[{"href":"https:\/\/kamm.rs\/index.php?rest_route=\/wp\/v2\/product\/9483"}],"collection":[{"href":"https:\/\/kamm.rs\/index.php?rest_route=\/wp\/v2\/product"}],"about":[{"href":"https:\/\/kamm.rs\/index.php?rest_route=\/wp\/v2\/types\/product"}],"wp:featuredmedia":[{"embeddable":true,"href":"https:\/\/kamm.rs\/index.php?rest_route=\/wp\/v2\/media\/9484"}],"wp:attachment":[{"href":"https:\/\/kamm.rs\/index.php?rest_route=%2Fwp%2Fv2%2Fmedia&parent=9483"}],"curies":[{"name":"wp","href":"https:\/\/api.w.org\/{rel}","templated":true}]}}