{"id":9485,"date":"2020-09-17T10:03:56","date_gmt":"2020-09-17T10:03:56","guid":{"rendered":"https:\/\/192.168.1.10\/kammsite\/?post_type=product&#038;p=9485"},"modified":"2020-09-23T12:08:08","modified_gmt":"2020-09-23T12:08:08","slug":"kabl-za-napajanje-laptopa-detelina","status":"publish","type":"product","link":"https:\/\/kamm.rs\/?product=kabl-za-napajanje-laptopa-detelina","title":{"rendered":"Kabl za napajanje laptopa- detelina"},"content":{"rendered":"<table class=\" table table-hover table table-hover table table-hover table table-hover table table-hover\">\n<tbody>\n<tr>\n<td><strong>Proizvo\u0111a\u010d<\/strong><\/td>\n<td>Gigatech Technology Co.Ltd.<\/td>\n<\/tr>\n<tr>\n<td><strong>Du\u017eina kabla<\/strong><\/td>\n<td>1.5m<\/td>\n<\/tr>\n<\/tbody>\n<\/table>\n","protected":false},"excerpt":{"rendered":"<p>Proizvo\u0111a\u010d Gigatech Technology Co.Ltd. Du\u017eina kabla 1.5m<\/p>\n","protected":false},"featured_media":9486,"template":"","meta":[],"_links":{"self":[{"href":"https:\/\/kamm.rs\/index.php?rest_route=\/wp\/v2\/product\/9485"}],"collection":[{"href":"https:\/\/kamm.rs\/index.php?rest_route=\/wp\/v2\/product"}],"about":[{"href":"https:\/\/kamm.rs\/index.php?rest_route=\/wp\/v2\/types\/product"}],"wp:featuredmedia":[{"embeddable":true,"href":"https:\/\/kamm.rs\/index.php?rest_route=\/wp\/v2\/media\/9486"}],"wp:attachment":[{"href":"https:\/\/kamm.rs\/index.php?rest_route=%2Fwp%2Fv2%2Fmedia&parent=9485"}],"curies":[{"name":"wp","href":"https:\/\/api.w.org\/{rel}","templated":true}]}}