{"id":9497,"date":"2020-09-17T11:39:32","date_gmt":"2020-09-17T11:39:32","guid":{"rendered":"https:\/\/192.168.1.10\/kammsite\/?post_type=product&#038;p=9497"},"modified":"2020-09-23T12:03:57","modified_gmt":"2020-09-23T12:03:57","slug":"kabl-audio-35mm-stereo-2rca-5m","status":"publish","type":"product","link":"https:\/\/kamm.rs\/?product=kabl-audio-35mm-stereo-2rca-5m","title":{"rendered":"Kabl audio 3,5mm stereo-2RCA 5m"},"content":{"rendered":"<table class=\" table table-hover table table-hover table table-hover table table-hover table table-hover\">\n<tbody>\n<tr>\n<td><strong>Proizvo\u0111a\u010d<\/strong><\/td>\n<td>Fast Asia<\/td>\n<\/tr>\n<tr>\n<td><strong>Du\u017eina kabla<\/strong><\/td>\n<td>5m<\/td>\n<\/tr>\n<\/tbody>\n<\/table>\n","protected":false},"excerpt":{"rendered":"<p>Proizvo\u0111a\u010d Fast Asia Du\u017eina kabla 5m<\/p>\n","protected":false},"featured_media":9496,"template":"","meta":[],"_links":{"self":[{"href":"https:\/\/kamm.rs\/index.php?rest_route=\/wp\/v2\/product\/9497"}],"collection":[{"href":"https:\/\/kamm.rs\/index.php?rest_route=\/wp\/v2\/product"}],"about":[{"href":"https:\/\/kamm.rs\/index.php?rest_route=\/wp\/v2\/types\/product"}],"wp:featuredmedia":[{"embeddable":true,"href":"https:\/\/kamm.rs\/index.php?rest_route=\/wp\/v2\/media\/9496"}],"wp:attachment":[{"href":"https:\/\/kamm.rs\/index.php?rest_route=%2Fwp%2Fv2%2Fmedia&parent=9497"}],"curies":[{"name":"wp","href":"https:\/\/api.w.org\/{rel}","templated":true}]}}