{"id":9498,"date":"2020-09-17T11:43:01","date_gmt":"2020-09-17T11:43:01","guid":{"rendered":"https:\/\/192.168.1.10\/kammsite\/?post_type=product&#038;p=9498"},"modified":"2020-09-23T11:53:55","modified_gmt":"2020-09-23T11:53:55","slug":"kabl-audio-35mm-stereo-2rca-15m","status":"publish","type":"product","link":"https:\/\/kamm.rs\/?product=kabl-audio-35mm-stereo-2rca-15m","title":{"rendered":"Kabl audio 3,5mm stereo-2RCA 1,5m"},"content":{"rendered":"<table class=\" table table-hover table table-hover table table-hover table table-hover table table-hover\">\n<tbody>\n<tr>\n<td><strong>Proizvo\u0111a\u010d<\/strong><\/td>\n<td>Fast Asia<\/td>\n<\/tr>\n<tr>\n<td><strong>Du\u017eina kabla<\/strong><\/td>\n<td>1,5m<\/td>\n<\/tr>\n<\/tbody>\n<\/table>\n","protected":false},"excerpt":{"rendered":"<p>Proizvo\u0111a\u010d Fast Asia Du\u017eina kabla 1,5m<\/p>\n","protected":false},"featured_media":9496,"template":"","meta":[],"_links":{"self":[{"href":"https:\/\/kamm.rs\/index.php?rest_route=\/wp\/v2\/product\/9498"}],"collection":[{"href":"https:\/\/kamm.rs\/index.php?rest_route=\/wp\/v2\/product"}],"about":[{"href":"https:\/\/kamm.rs\/index.php?rest_route=\/wp\/v2\/types\/product"}],"wp:featuredmedia":[{"embeddable":true,"href":"https:\/\/kamm.rs\/index.php?rest_route=\/wp\/v2\/media\/9496"}],"wp:attachment":[{"href":"https:\/\/kamm.rs\/index.php?rest_route=%2Fwp%2Fv2%2Fmedia&parent=9498"}],"curies":[{"name":"wp","href":"https:\/\/api.w.org\/{rel}","templated":true}]}}