{"id":9500,"date":"2020-09-17T12:23:38","date_gmt":"2020-09-17T12:23:38","guid":{"rendered":"https:\/\/192.168.1.10\/kammsite\/?post_type=product&#038;p=9500"},"modified":"2020-09-23T11:51:44","modified_gmt":"2020-09-23T11:51:44","slug":"kabl-produzni-5r-3m-sa-prekidacem","status":"publish","type":"product","link":"https:\/\/kamm.rs\/?product=kabl-produzni-5r-3m-sa-prekidacem","title":{"rendered":"Kabl produ\u017eni 5r\/3m sa prekida\u010dem"},"content":{"rendered":"<table class=\" table table-hover table table-hover table table-hover table table-hover table table-hover\">\n<tbody>\n<tr>\n<td><strong>Proizvo\u0111a\u010d<\/strong><\/td>\n<td>Fast Asia<\/td>\n<\/tr>\n<tr>\n<td><strong>Upotreba<\/strong><\/td>\n<td>Za kompjutere i elektronsku opremu<\/td>\n<\/tr>\n<tr>\n<td><strong>Broj uti\u010dnih mesta<\/strong><\/td>\n<td>5<\/td>\n<\/tr>\n<tr>\n<td><strong>Du\u017eina kabla<\/strong><\/td>\n<td>3m<\/td>\n<\/tr>\n<tr>\n<td><strong>Boja<\/strong><\/td>\n<td>Bela<\/td>\n<\/tr>\n<\/tbody>\n<\/table>\n","protected":false},"excerpt":{"rendered":"<p>Proizvo\u0111a\u010d Fast Asia Upotreba Za kompjutere i elektronsku opremu Broj uti\u010dnih mesta 5 Du\u017eina kabla 3m Boja Bela<\/p>\n","protected":false},"featured_media":9501,"template":"","meta":[],"_links":{"self":[{"href":"https:\/\/kamm.rs\/index.php?rest_route=\/wp\/v2\/product\/9500"}],"collection":[{"href":"https:\/\/kamm.rs\/index.php?rest_route=\/wp\/v2\/product"}],"about":[{"href":"https:\/\/kamm.rs\/index.php?rest_route=\/wp\/v2\/types\/product"}],"wp:featuredmedia":[{"embeddable":true,"href":"https:\/\/kamm.rs\/index.php?rest_route=\/wp\/v2\/media\/9501"}],"wp:attachment":[{"href":"https:\/\/kamm.rs\/index.php?rest_route=%2Fwp%2Fv2%2Fmedia&parent=9500"}],"curies":[{"name":"wp","href":"https:\/\/api.w.org\/{rel}","templated":true}]}}