{"id":9540,"date":"2020-09-21T14:08:04","date_gmt":"2020-09-21T14:08:04","guid":{"rendered":"https:\/\/192.168.1.10\/kammsite\/?post_type=product&#038;p=9540"},"modified":"2020-09-23T11:32:48","modified_gmt":"2020-09-23T11:32:48","slug":"kabl-utp-sa-konektorima-05m","status":"publish","type":"product","link":"https:\/\/kamm.rs\/?product=kabl-utp-sa-konektorima-05m","title":{"rendered":"Kabl UTP sa konektorima 0,5m"},"content":{"rendered":"<table class=\" table table-hover table table-hover table table-hover table table-hover table table-hover\">\n<tbody>\n<tr>\n<td><strong>Proizvo\u0111a\u010d<\/strong><\/td>\n<td>Gigatech Technology Co. Ltd.<\/td>\n<\/tr>\n<tr>\n<td><strong>Du\u017eina kabla<\/strong><\/td>\n<td>0,5m<\/td>\n<\/tr>\n<\/tbody>\n<\/table>\n","protected":false},"excerpt":{"rendered":"<p>Proizvo\u0111a\u010d Gigatech Technology Co. Ltd. Du\u017eina kabla 0,5m<\/p>\n","protected":false},"featured_media":9541,"template":"","meta":[],"_links":{"self":[{"href":"https:\/\/kamm.rs\/index.php?rest_route=\/wp\/v2\/product\/9540"}],"collection":[{"href":"https:\/\/kamm.rs\/index.php?rest_route=\/wp\/v2\/product"}],"about":[{"href":"https:\/\/kamm.rs\/index.php?rest_route=\/wp\/v2\/types\/product"}],"wp:featuredmedia":[{"embeddable":true,"href":"https:\/\/kamm.rs\/index.php?rest_route=\/wp\/v2\/media\/9541"}],"wp:attachment":[{"href":"https:\/\/kamm.rs\/index.php?rest_route=%2Fwp%2Fv2%2Fmedia&parent=9540"}],"curies":[{"name":"wp","href":"https:\/\/api.w.org\/{rel}","templated":true}]}}