{"id":9555,"date":"2020-09-22T12:42:56","date_gmt":"2020-09-22T12:42:56","guid":{"rendered":"https:\/\/192.168.1.10\/kammsite\/?post_type=product&#038;p=9555"},"modified":"2021-01-20T08:02:14","modified_gmt":"2021-01-20T08:02:14","slug":"kabl-usb-2-0-micro-usb-08m","status":"publish","type":"product","link":"https:\/\/kamm.rs\/?product=kabl-usb-2-0-micro-usb-08m","title":{"rendered":"Kabl USB 2.0\/micro USB  0,8m"},"content":{"rendered":"<table class=\" table table-hover table table-hover table table-hover table table-hover table table-hover\">\n<tbody>\n<tr>\n<td><strong>Proizvo\u0111a\u010d<\/strong><\/td>\n<td>Wiretek International Investment Ltd.<\/td>\n<\/tr>\n<tr>\n<td><strong>Du\u017eina kabla<\/strong><\/td>\n<td>0,8m<\/td>\n<\/tr>\n<\/tbody>\n<\/table>\n","protected":false},"excerpt":{"rendered":"<p>Proizvo\u0111a\u010d Wiretek International Investment Ltd. Du\u017eina kabla 0,8m<\/p>\n","protected":false},"featured_media":9556,"template":"","meta":[],"_links":{"self":[{"href":"https:\/\/kamm.rs\/index.php?rest_route=\/wp\/v2\/product\/9555"}],"collection":[{"href":"https:\/\/kamm.rs\/index.php?rest_route=\/wp\/v2\/product"}],"about":[{"href":"https:\/\/kamm.rs\/index.php?rest_route=\/wp\/v2\/types\/product"}],"wp:featuredmedia":[{"embeddable":true,"href":"https:\/\/kamm.rs\/index.php?rest_route=\/wp\/v2\/media\/9556"}],"wp:attachment":[{"href":"https:\/\/kamm.rs\/index.php?rest_route=%2Fwp%2Fv2%2Fmedia&parent=9555"}],"curies":[{"name":"wp","href":"https:\/\/api.w.org\/{rel}","templated":true}]}}