{"id":9586,"date":"2020-09-25T07:35:41","date_gmt":"2020-09-25T07:35:41","guid":{"rendered":"https:\/\/192.168.1.10\/kammsite\/?post_type=product&#038;p=9586"},"modified":"2020-09-25T07:35:44","modified_gmt":"2020-09-25T07:35:44","slug":"blu-ray-bd-r-25gb-4x","status":"publish","type":"product","link":"https:\/\/kamm.rs\/?product=blu-ray-bd-r-25gb-4x","title":{"rendered":"BLU-RAY BD-R 25GB 4x"},"content":{"rendered":"<table class=\" table table-hover table table-hover table table-hover table table-hover table table-hover\">\n<tbody>\n<tr>\n<td><strong>Proizvo\u0111a\u010d<\/strong><\/td>\n<td>MediaRange<\/td>\n<\/tr>\n<tr>\n<td><strong>Kapacitet<\/strong><\/td>\n<td>25GB<\/td>\n<\/tr>\n<tr>\n<td><strong>Brzina<\/strong><\/td>\n<td>4X<\/td>\n<\/tr>\n<tr>\n<td><strong>Koli\u010dina<\/strong><\/td>\n<td>1 disk<\/td>\n<\/tr>\n<\/tbody>\n<\/table>\n","protected":false},"excerpt":{"rendered":"<p>Proizvo\u0111a\u010d MediaRange Kapacitet 25GB Brzina 4X Koli\u010dina 1 disk<\/p>\n","protected":false},"featured_media":9587,"template":"","meta":[],"_links":{"self":[{"href":"https:\/\/kamm.rs\/index.php?rest_route=\/wp\/v2\/product\/9586"}],"collection":[{"href":"https:\/\/kamm.rs\/index.php?rest_route=\/wp\/v2\/product"}],"about":[{"href":"https:\/\/kamm.rs\/index.php?rest_route=\/wp\/v2\/types\/product"}],"wp:featuredmedia":[{"embeddable":true,"href":"https:\/\/kamm.rs\/index.php?rest_route=\/wp\/v2\/media\/9587"}],"wp:attachment":[{"href":"https:\/\/kamm.rs\/index.php?rest_route=%2Fwp%2Fv2%2Fmedia&parent=9586"}],"curies":[{"name":"wp","href":"https:\/\/api.w.org\/{rel}","templated":true}]}}