{"id":9590,"date":"2020-12-28T13:17:08","date_gmt":"2020-12-28T13:17:08","guid":{"rendered":"https:\/\/kamm.rs\/?post_type=product&#038;p=9590"},"modified":"2024-10-22T07:25:05","modified_gmt":"2024-10-22T07:25:05","slug":"kamera-xiaomi-360-1080px","status":"publish","type":"product","link":"https:\/\/kamm.rs\/?product=kamera-xiaomi-360-1080px","title":{"rendered":"Kamera XIAOMI 360\u00b0 1080px"},"content":{"rendered":"<table class=\" table table-hover table table-hover table table-hover table table-hover table table-hover\">\n<tbody>\n<tr>\n<td><strong>Proizvo\u0111a\u010d<\/strong><\/td>\n<td>XIAOMI<\/td>\n<\/tr>\n<tr>\n<td><strong>Model<\/strong><\/td>\n<td>MJSXJ05CM<\/td>\n<\/tr>\n<tr>\n<td><strong>Rezolucija<\/strong><\/td>\n<td>1920&#215;1080 (Full HD 1080px)<\/td>\n<\/tr>\n<tr>\n<td><strong>Zvu\u010dnici<\/strong><\/td>\n<td>Ugra\u0111eni<\/td>\n<\/tr>\n<tr>\n<td><strong>Povezivanje<\/strong><\/td>\n<td>Wi-Fi IEEE 802.11b, IEEE 802.11g, IEEE 802.11n<\/td>\n<\/tr>\n<tr>\n<td><strong>Dodatne funkcije<\/strong><\/td>\n<td>Infrared Night Vision, Senzor pokreta, Talkback feature<\/td>\n<\/tr>\n<tr>\n<td><strong>Memorija<\/strong><\/td>\n<td>Podr\u017eava microSD do 64GB<\/td>\n<\/tr>\n<tr>\n<td><strong>Dimenzije kamere<\/strong><\/td>\n<td>118mm x 78mm x 78mm<\/td>\n<\/tr>\n<tr>\n<td><strong>Boja<\/strong><\/td>\n<td>Bela<\/td>\n<\/tr>\n<\/tbody>\n<\/table>\n","protected":false},"excerpt":{"rendered":"<p>Proizvo\u0111a\u010d XIAOMI Model MJSXJ05CM Rezolucija 1920&#215;1080 (Full HD 1080px) Zvu\u010dnici Ugra\u0111eni Povezivanje Wi-Fi IEEE 802.11b, IEEE 802.11g, IEEE 802.11n Dodatne funkcije Infrared Night Vision, Senzor pokreta, Talkback feature Memorija Podr\u017eava microSD do 64GB Dimenzije kamere 118mm x 78mm x 78mm &hellip; <a href=\"https:\/\/kamm.rs\/?product=kamera-xiaomi-360-1080px\">Nastavite sa \u010ditanjem <span class=\"meta-nav\">&rarr;<\/span><\/a><\/p>\n","protected":false},"featured_media":9591,"template":"","meta":[],"_links":{"self":[{"href":"https:\/\/kamm.rs\/index.php?rest_route=\/wp\/v2\/product\/9590"}],"collection":[{"href":"https:\/\/kamm.rs\/index.php?rest_route=\/wp\/v2\/product"}],"about":[{"href":"https:\/\/kamm.rs\/index.php?rest_route=\/wp\/v2\/types\/product"}],"wp:featuredmedia":[{"embeddable":true,"href":"https:\/\/kamm.rs\/index.php?rest_route=\/wp\/v2\/media\/9591"}],"wp:attachment":[{"href":"https:\/\/kamm.rs\/index.php?rest_route=%2Fwp%2Fv2%2Fmedia&parent=9590"}],"curies":[{"name":"wp","href":"https:\/\/api.w.org\/{rel}","templated":true}]}}