{"id":9601,"date":"2021-06-21T09:41:49","date_gmt":"2021-06-21T09:41:49","guid":{"rendered":"https:\/\/kamm.rs\/?post_type=product&#038;p=9601"},"modified":"2021-06-21T09:41:50","modified_gmt":"2021-06-21T09:41:50","slug":"hemijska-olovka-u-209","status":"publish","type":"product","link":"https:\/\/kamm.rs\/?product=hemijska-olovka-u-209","title":{"rendered":"Hemijska olovka U-209"},"content":{"rendered":"<table class=\" table table-hover table table-hover table table-hover table table-hover table table-hover\">\n<tbody>\n<tr>\n<td><strong>Proizvo\u0111a\u010d<\/strong><\/td>\n<td>ErichKrause<\/td>\n<\/tr>\n<tr>\n<td><strong>Model<\/strong><\/td>\n<td>U-209<\/td>\n<\/tr>\n<tr>\n<td><strong>Trag pisanja<\/strong><\/td>\n<td>0.3 mm<\/td>\n<\/tr>\n<tr>\n<td><strong>Du\u017eina pisanja<\/strong><\/td>\n<td>1000 mm<\/td>\n<\/tr>\n<tr>\n<td><strong>Boja mastila<\/strong><\/td>\n<td>plava<\/td>\n<\/tr>\n<\/tbody>\n<\/table>\n","protected":false},"excerpt":{"rendered":"<p>Proizvo\u0111a\u010d ErichKrause Model U-209 Trag pisanja 0.3 mm Du\u017eina pisanja 1000 mm Boja mastila plava<\/p>\n","protected":false},"featured_media":9602,"template":"","meta":[],"_links":{"self":[{"href":"https:\/\/kamm.rs\/index.php?rest_route=\/wp\/v2\/product\/9601"}],"collection":[{"href":"https:\/\/kamm.rs\/index.php?rest_route=\/wp\/v2\/product"}],"about":[{"href":"https:\/\/kamm.rs\/index.php?rest_route=\/wp\/v2\/types\/product"}],"wp:featuredmedia":[{"embeddable":true,"href":"https:\/\/kamm.rs\/index.php?rest_route=\/wp\/v2\/media\/9602"}],"wp:attachment":[{"href":"https:\/\/kamm.rs\/index.php?rest_route=%2Fwp%2Fv2%2Fmedia&parent=9601"}],"curies":[{"name":"wp","href":"https:\/\/api.w.org\/{rel}","templated":true}]}}