{"id":9615,"date":"2021-06-22T08:28:10","date_gmt":"2021-06-22T08:28:10","guid":{"rendered":"https:\/\/kamm.rs\/?post_type=product&#038;p=9615"},"modified":"2021-06-22T08:28:13","modified_gmt":"2021-06-22T08:28:13","slug":"gamepad-gembrid-dual-vibration","status":"publish","type":"product","link":"https:\/\/kamm.rs\/?product=gamepad-gembrid-dual-vibration","title":{"rendered":"Gamepad Gembrid Dual Vibration"},"content":{"rendered":"<table class=\" table table-hover table table-hover table table-hover table table-hover table table-hover\">\n<tbody>\n<tr>\n<td><strong>Proizvo\u0111a\u010d<\/strong><\/td>\n<td>Gembird<\/td>\n<\/tr>\n<tr>\n<td><strong>Model<\/strong><\/td>\n<td>JPD-UDV2-11<\/td>\n<\/tr>\n<tr>\n<td><strong>Povezivanje<\/strong><\/td>\n<td>USB 2.0<\/td>\n<\/tr>\n<tr>\n<td><strong>Interfejs<\/strong><\/td>\n<td>PC<\/td>\n<\/tr>\n<tr>\n<td><strong>Tasteri<\/strong><\/td>\n<td>10 tastera<\/td>\n<\/tr>\n<tr>\n<td><strong>Du\u017eina kabla<\/strong><\/td>\n<td>1.8m<\/td>\n<\/tr>\n<\/tbody>\n<\/table>\n","protected":false},"excerpt":{"rendered":"<p>Proizvo\u0111a\u010d Gembird Model JPD-UDV2-11 Povezivanje USB 2.0 Interfejs PC Tasteri 10 tastera Du\u017eina kabla 1.8m<\/p>\n","protected":false},"featured_media":9616,"template":"","meta":[],"_links":{"self":[{"href":"https:\/\/kamm.rs\/index.php?rest_route=\/wp\/v2\/product\/9615"}],"collection":[{"href":"https:\/\/kamm.rs\/index.php?rest_route=\/wp\/v2\/product"}],"about":[{"href":"https:\/\/kamm.rs\/index.php?rest_route=\/wp\/v2\/types\/product"}],"wp:featuredmedia":[{"embeddable":true,"href":"https:\/\/kamm.rs\/index.php?rest_route=\/wp\/v2\/media\/9616"}],"wp:attachment":[{"href":"https:\/\/kamm.rs\/index.php?rest_route=%2Fwp%2Fv2%2Fmedia&parent=9615"}],"curies":[{"name":"wp","href":"https:\/\/api.w.org\/{rel}","templated":true}]}}