{"id":9635,"date":"2024-03-31T10:33:58","date_gmt":"2024-03-31T10:33:58","guid":{"rendered":"https:\/\/kamm.rs\/?post_type=product&#038;p=9635"},"modified":"2024-10-22T07:22:44","modified_gmt":"2024-10-22T07:22:44","slug":"stampac-kyocera-ecosys-pa2100cx","status":"publish","type":"product","link":"https:\/\/kamm.rs\/?product=stampac-kyocera-ecosys-pa2100cx","title":{"rendered":"\u0160tampa\u010d Kyocera Ecosys PA2100cx"},"content":{"rendered":"<table class=\" table table-hover table table-hover table table-hover table table-hover table table-hover\">\n<tbody>\n<tr>\n<td><strong>\u0160TAMPA\u010c<\/strong><\/td>\n<td><\/td>\n<\/tr>\n<tr>\n<td><strong>Tip \u0161tampe<\/strong><\/td>\n<td>Laserski<\/td>\n<\/tr>\n<tr>\n<td><strong>Boja<\/strong><\/td>\n<td>\u0160tampanje u boji<\/td>\n<\/tr>\n<tr>\n<td><strong>Format<\/strong><\/td>\n<td>A4<\/td>\n<\/tr>\n<tr>\n<td><strong>Duplex<\/strong><\/td>\n<td>Da<\/td>\n<\/tr>\n<tr>\n<td><strong>Rezolucija \u0161tampe (mono)<\/strong><\/td>\n<td>1200 x 1200 dpi, 600 x 600dpi<\/td>\n<\/tr>\n<tr>\n<td><strong>Brzina \u0161tampe (mono)<\/strong><\/td>\n<td>do 21 str\/min<\/td>\n<\/tr>\n<tr>\n<td><strong>Brzina \u0161tampe (u boji)<\/strong><\/td>\n<td>do 21 str\/min<\/td>\n<\/tr>\n<tr>\n<td><strong><\/strong><\/td>\n<td>do 600 x 600 dpi<\/td>\n<\/tr>\n<tr>\n<tr>\n<td><strong>RUKOVANJE PAPIROM<\/strong><\/td>\n<td><\/td>\n<\/tr>\n<tr>\n<td><strong>Maksimalni ulazni kapacitet papira<\/strong><\/td>\n<td>250 listova<\/td>\n<\/tr>\n<tr>\n<td><strong>Format papira <\/strong><\/td>\n<td>A4, A5, A6, B5, B6, Letter, Legal, Custom (105 x 148 mm \u2013 216 x 356 mm)<\/td>\n<\/tr>\n<tr>\n<td><strong>Te\u017eina papira<\/strong><\/td>\n<td>60 \u2013 220 g\/m\u00b2<\/td>\n<\/tr>\n<tr>\n<td><strong>OSTALO<\/strong><\/td>\n<td><\/td>\n<\/tr>\n<tr>\n<td><strong>Displej<\/strong><\/td>\n<td>Displej 2-linijski LCD<\/td>\n<\/tr>\n<tr>\n<td><strong>Procesor<\/strong><\/td>\n<td> ARM\u2122 Cortex-A9 800MHz<\/td>\n<\/tr>\n<tr>\n<td><strong>Memorija<\/strong><\/td>\n<td> 512 MB<\/td>\n<\/tr>\n<tr>\n<td><strong>POVEZIVANJE<\/strong><\/td>\n<td><\/td>\n<\/tr>\n<tr>\n<td><strong>Povezivanje<\/strong><\/td>\n<td>USB 2.0<\/td>\n<\/tr>\n<tr>\n<td><strong>POTRO\u0160NI MATERIJAL<\/strong><\/td>\n<td><\/td>\n<\/tr>\n<tr>\n<td><strong>Podr\u017eani kertrid\u017e\/toner<\/strong><\/td>\n<td>Toner TK5430, TK5440<\/td>\n<\/tr>\n<\/tbody>\n<\/table>\n","protected":false},"excerpt":{"rendered":"<p>\u0160TAMPA\u010c Tip \u0161tampe Laserski Boja \u0160tampanje u boji Format A4 Duplex Da Rezolucija \u0161tampe (mono) 1200 x 1200 dpi, 600 x 600dpi Brzina \u0161tampe (mono) do 21 str\/min Brzina \u0161tampe (u boji) do 21 str\/min do 600 x 600 dpi &hellip; <a href=\"https:\/\/kamm.rs\/?product=stampac-kyocera-ecosys-pa2100cx\">Nastavite sa \u010ditanjem <span class=\"meta-nav\">&rarr;<\/span><\/a><\/p>\n","protected":false},"featured_media":9636,"template":"","meta":[],"_links":{"self":[{"href":"https:\/\/kamm.rs\/index.php?rest_route=\/wp\/v2\/product\/9635"}],"collection":[{"href":"https:\/\/kamm.rs\/index.php?rest_route=\/wp\/v2\/product"}],"about":[{"href":"https:\/\/kamm.rs\/index.php?rest_route=\/wp\/v2\/types\/product"}],"wp:featuredmedia":[{"embeddable":true,"href":"https:\/\/kamm.rs\/index.php?rest_route=\/wp\/v2\/media\/9636"}],"wp:attachment":[{"href":"https:\/\/kamm.rs\/index.php?rest_route=%2Fwp%2Fv2%2Fmedia&parent=9635"}],"curies":[{"name":"wp","href":"https:\/\/api.w.org\/{rel}","templated":true}]}}