{"id":9641,"date":"2024-04-01T17:44:41","date_gmt":"2024-04-01T17:44:41","guid":{"rendered":"https:\/\/kamm.rs\/?post_type=product&#038;p=9641"},"modified":"2024-10-22T07:21:12","modified_gmt":"2024-10-22T07:21:12","slug":"stampac-kyocera-ecosys-fs-1060-dn","status":"publish","type":"product","link":"https:\/\/kamm.rs\/?product=stampac-kyocera-ecosys-fs-1060-dn","title":{"rendered":"\u0160tampa\u010d Kyocera Ecosys FS-1060 DN"},"content":{"rendered":"<table class=\" table table-hover table table-hover table table-hover table table-hover table table-hover\">\n<tbody>\n<tr>\n<td><strong>\u0160TAMPA\u010c<\/strong><\/td>\n<td><\/td>\n<\/tr>\n<tr>\n<td><strong>Tip \u0161tampe<\/strong><\/td>\n<td>Laser<\/td>\n<\/tr>\n<tr>\n<td><strong>Boja<\/strong><\/td>\n<td>Monohromatski (crno-belo)<\/td>\n<\/tr>\n<tr>\n<td><strong>Format<\/strong><\/td>\n<td>A4<\/td>\n<\/tr>\n<tr>\n<td><strong>Duplex<\/strong><\/td>\n<td>Da<\/td>\n<\/tr>\n<tr>\n<td><strong>Rezolucija \u0161tampe (mono)<\/strong><\/td>\n<td>do 1800 x 600 dpi<\/td>\n<\/tr>\n<tr>\n<td><strong>Brzina \u0161tampe (mono)<\/strong><\/td>\n<td>do 25 str\/min<\/td>\n<\/tr>\n<tr>\n<td><strong>Maksimalan mese\u010dni obim \u0161tampe<\/strong><\/td>\n<td>15000 stranica<\/td>\n<\/tr>\n<tr>\n<td><strong>RUKOVANJE PAPIROM<\/strong><\/td>\n<td><\/td>\n<\/tr>\n<tr>\n<td><strong>Maksimalni ulazni kapacitet papira<\/strong><\/td>\n<td>250 listova<\/td>\n<\/tr>\n<tr>\n<td><strong>OSTALO<\/strong><\/td>\n<td><\/td>\n<\/tr>\n<tr>\n<td><strong>Procesor<\/strong><\/td>\n<td>390 MHz<\/td>\n<\/tr>\n<tr>\n<td><strong>Memorija<\/strong><\/td>\n<td>64 MB<\/td>\n<\/tr>\n<tr>\n<td><strong>POVEZIVANJE<\/strong><\/td>\n<td><\/td>\n<\/tr>\n<tr>\n<td><strong>Povezivanje<\/strong><\/td>\n<td>USB 2.0<\/td>\n<\/tr>\n<tr>\n<td><strong>POTRO\u0160NI MATERIJAL<\/strong><\/td>\n<td><\/td>\n<\/tr>\n<tr>\n<td><strong>Podr\u017eani kertrid\u017e\/toner<\/strong><\/td>\n<td>TK-1120<\/td>\n<\/tr>\n<tr>\n<td><strong>Kapacitet inicijalnog tonera<\/strong><\/td>\n<td>700 strana<\/td>\n<\/tr>\n<tr>\n<td><strong>Kapacitet regularnog tonera<\/strong><\/td>\n<td>3000 strana<\/td>\n<\/tr>\n<tr>\n<td><strong>FIZI\u010cKE KARAKTERISTIKE<\/strong><\/td>\n<td><\/td>\n<\/tr>\n<tr>\n<td><strong>Dimenzije<\/strong><\/td>\n<td>358mm x 276mm x 241mm<\/td>\n<\/tr>\n<tr>\n<td><strong>Masa<\/strong><\/td>\n<td>pribli\u017eno 6,7 kg<\/td>\n<\/tr>\n<\/tbody>\n<\/table>\n","protected":false},"excerpt":{"rendered":"<p>\u0160TAMPA\u010c Tip \u0161tampe Laser Boja Monohromatski (crno-belo) Format A4 Duplex Da Rezolucija \u0161tampe (mono) do 1800 x 600 dpi Brzina \u0161tampe (mono) do 25 str\/min Maksimalan mese\u010dni obim \u0161tampe 15000 stranica RUKOVANJE PAPIROM Maksimalni ulazni kapacitet papira 250 listova OSTALO &hellip; <a href=\"https:\/\/kamm.rs\/?product=stampac-kyocera-ecosys-fs-1060-dn\">Nastavite sa \u010ditanjem <span class=\"meta-nav\">&rarr;<\/span><\/a><\/p>\n","protected":false},"featured_media":9642,"template":"","meta":[],"_links":{"self":[{"href":"https:\/\/kamm.rs\/index.php?rest_route=\/wp\/v2\/product\/9641"}],"collection":[{"href":"https:\/\/kamm.rs\/index.php?rest_route=\/wp\/v2\/product"}],"about":[{"href":"https:\/\/kamm.rs\/index.php?rest_route=\/wp\/v2\/types\/product"}],"wp:featuredmedia":[{"embeddable":true,"href":"https:\/\/kamm.rs\/index.php?rest_route=\/wp\/v2\/media\/9642"}],"wp:attachment":[{"href":"https:\/\/kamm.rs\/index.php?rest_route=%2Fwp%2Fv2%2Fmedia&parent=9641"}],"curies":[{"name":"wp","href":"https:\/\/api.w.org\/{rel}","templated":true}]}}